{"id":2034,"date":"2020-05-19T15:30:44","date_gmt":"2020-05-19T13:30:44","guid":{"rendered":"http:\/\/caesar2.stefaniefeichtner.com\/?page_id=2034"},"modified":"2020-07-29T14:36:41","modified_gmt":"2020-07-29T12:36:41","slug":"imprint","status":"publish","type":"page","link":"https:\/\/www.caesar.at\/en\/imprint\/","title":{"rendered":"Imprint"},"content":{"rendered":"<p class=\"adsimple-221126005\">Informationspflicht laut \u00a75 E-Commerce Gesetz, \u00a714 Unternehmensgesetzbuch, \u00a763 Gewerbeordnung und Offenlegungspflicht laut \u00a725 Mediengesetz.<\/p>\n<p class=\"adsimple-221126005\">Demirci Gesmbh<br \/>\nSchlossplatz 2,<br \/>\n5700 Zell am See,<br \/>\n\u00d6sterreich<\/p>\n<p class=\"adsimple-221126005\"><strong>Unternehmensgegenstand:<\/strong> Restaurant<br \/>\n<strong>UID-Nummer:<\/strong> ATU41533505<br \/>\n<strong>Firmenbuchnummer:<\/strong> 106972 m<br \/>\n<strong>Firmensitz:<\/strong> 5700 Zell am See<\/p>\n<p class=\"adsimple-221126005\"><strong>Tel.:<\/strong> 06542\/47257<br \/>\n<strong>E-Mail:<\/strong> <a href=\"mailto:online@caesar.at\">online@caesar.at<\/a><\/p>\n<p class=\"adsimple-221126005\"><strong>Mitglied bei:<\/strong><br \/>\n<strong>Berufsrecht:<\/strong> Gewerbeordnung: www.ris.bka.gv.at<\/p>\n<p class=\"adsimple-221126005\"><strong>Aufsichtsbeh\u00f6rde\/Gewerbebeh\u00f6rde:<\/strong> Bezirkshauptmannschaft Zell am See<br \/>\n<strong>Verleihungsstaat:<\/strong> \u00d6sterreich<\/p>\n<p class=\"adsimple-221126005\"><strong>Gesch\u00e4ftsf\u00fchrer<\/strong><br \/>\nDemirci Ingrid<\/p>\n<p class=\"adsimple-221126005\"><strong>Beteiligungsverh\u00e4ltnisse<\/strong><br \/>\nGesellschafter Demirci Ingrid 67%, Jamal Khorramian 33%<\/p>\n<h2>Webdesign<\/h2>\n<p>Konzeption und Umsetzung: <a title=\"Spitting Llama WordPress Agentur Pinzgau\" href=\"https:\/\/spittingllama.at\/\" target=\"_blank\" rel=\"noopener noreferrer\">Spitting Llama KG &#8211; Digitalagentur<\/a><\/p>\n<h2 class=\"adsimple-221126005\"><a title=\"Spitting Llama WordPress Agentur Pinzgau\" href=\"https:\/\/spittingllama.at\/\" target=\"_blank\" rel=\"noopener noreferrer\"><img decoding=\"async\" class=\"alignnone wp-image-1878\" src=\"https:\/\/www.caesar.at\/wp-content\/uploads\/spittingllama-logo.png\" alt=\"\" width=\"202\" height=\"74\" \/><\/a><\/h2>\n<h2 class=\"adsimple-221126005\">EU-Streitschlichtung<\/h2>\n<p>Gem\u00e4\u00df Verordnung \u00fcber Online-Streitbeilegung in Verbraucherangelegenheiten (ODR-Verordnung) m\u00f6chten wir Sie \u00fcber die Online-Streitbeilegungsplattform (OS-Plattform) informieren. Verbraucher haben die M\u00f6glichkeit, Beschwerden an die Online Streitbeilegungsplattform der Europ\u00e4ischen Kommission unter <a class=\"adsimple-221126005\" href=\"https:\/\/ec.europa.eu\/consumers\/odr\/main\/index.cfm?event=main.home2.show&amp;lng=DE\" target=\"_blank\" rel=\"nofollow noopener noreferrer\">http:\/\/ec.europa.eu\/odr?tid=221126005<\/a> zu richten. Die daf\u00fcr notwendigen Kontaktdaten finden Sie oberhalb in unserem Impressum. Wir m\u00f6chten Sie jedoch darauf hinweisen, dass wir nicht bereit oder verpflichtet sind, an Streitbeilegungsverfahren vor einer Verbraucherschlichtungsstelle teilzunehmen.<\/p>\n<h2 class=\"adsimple-221126005\">Haftung f\u00fcr Inhalte dieser Webseite<\/h2>\n<p>Wir entwickeln die Inhalte dieser Webseite st\u00e4ndig weiter und bem\u00fchen uns korrekte und aktuelle Informationen bereitzustellen. Leider k\u00f6nnen wir keine Haftung f\u00fcr die Korrektheit aller Inhalte auf dieser Webseite \u00fcbernehmen, speziell f\u00fcr jene die seitens Dritter bereitgestellt wurden. Sollten Ihnen problematische oder rechtswidrige Inhalte auffallen, bitten wir Sie uns umgehend zu kontaktieren, Sie finden die Kontaktdaten im Impressum.<\/p>\n<h2 class=\"adsimple-221126005\">Haftung f\u00fcr Links auf dieser Webseite<\/h2>\n<p>Unsere Webseite enth\u00e4lt Links zu anderen Webseiten f\u00fcr deren Inhalt wir nicht verantwortlich sind. Haftung f\u00fcr verlinkte Websites besteht laut <a class=\"adsimple-221126005\" href=\"https:\/\/www.ris.bka.gv.at\/Dokument.wxe?Abfrage=Bundesnormen&amp;Dokumentnummer=NOR40025813&amp;tid=221126005\" target=\"_blank\" rel=\"noopener nofollow noreferrer\">\u00a7 17 ECG<\/a> f\u00fcr uns nicht, da wir keine Kenntnis rechtswidriger T\u00e4tigkeiten hatten und haben, uns solche Rechtswidrigkeiten auch bisher nicht aufgefallen sind und wir Links sofort entfernen w\u00fcrden, wenn uns Rechtswidrigkeiten bekannt werden. Wenn Ihnen rechtswidrige Links auf unserer Website auffallen, bitten wir Sie uns zu kontaktieren, Sie finden die Kontaktdaten im Impressum.<\/p>\n<h2 class=\"adsimple-221126005\">Urheberrechtshinweis<\/h2>\n<p>Alle Inhalte dieser Webseite (Bilder, Fotos, Texte, Videos) unterliegen dem Urheberrecht. Falls notwendig, werden wir die unerlaubte Nutzung von Teilen der Inhalte unserer Seite rechtlich verfolgen.<\/p>\n<h2 class=\"adsimple-221126005\">Bildernachweis<\/h2>\n<p>Die Bilder, Fotos und Grafiken auf dieser Webseite sind urheberrechtlich gesch\u00fctzt. Die Bilderrechte liegen bei den folgenden Fotografen und Unternehmen:<\/p>\n<p>Spitting Llama KG, @hugerio (<a href=\"https:\/\/unsplash.com\/\" target=\"_blank\" rel=\"nofollow noopener noreferrer\">Unsplash.com<\/a>)<\/p>\n<p>&nbsp;<\/p>\n<p style=\"margin-top: 15px;\">Quelle: Erstellt mit dem <a style=\"text-decoration: none;\" title=\"Impressum Generator von firmenwebseiten.at\" href=\"https:\/\/www.firmenwebseiten.at\/impressum-generator\/\" target=\"_blank\" rel=\"follow noopener noreferrer\">Impressum Generator<\/a> von firmenwebseiten.at in Kooperation mit <a class=\"external\" style=\"text-decoration: none;\" title=\"\" href=\"https:\/\/www.123haus.at\" target=\"_blank\" rel=\"follow noopener noreferrer\">123haus.at<\/a><\/p>\n","protected":false},"excerpt":{"rendered":"<p>Informationspflicht laut \u00a75 E-Commerce Gesetz, \u00a714 Unternehmensgesetzbuch, \u00a763 Gewerbeordnung und Offenlegungspflicht laut \u00a725 Mediengesetz. Demirci Gesmbh Schlossplatz 2, 5700 Zell am See, \u00d6sterreich Unternehmensgegenstand: Restaurant UID-Nummer: ATU41533505 Firmenbuchnummer: 106972 m Firmensitz: 5700 Zell am See Tel.: 06542\/47257 E-Mail: online@caesar.at Mitglied bei: Berufsrecht: Gewerbeordnung: www.ris.bka.gv.at Aufsichtsbeh\u00f6rde\/Gewerbebeh\u00f6rde: Bezirkshauptmannschaft Zell am See Verleihungsstaat: \u00d6sterreich Gesch\u00e4ftsf\u00fchrer Demirci Ingrid Beteiligungsverh\u00e4ltnisse&hellip;<\/p>\n","protected":false},"author":1,"featured_media":0,"parent":0,"menu_order":0,"comment_status":"closed","ping_status":"closed","template":"","meta":{"footnotes":""},"class_list":["post-2034","page","type-page","status-publish","hentry","description-off"],"yoast_head":"<!-- This site is optimized with the Yoast SEO plugin v26.1.1 - https:\/\/yoast.com\/wordpress\/plugins\/seo\/ -->\n<title>Imprint - Restaurant Zum C\u00e4sar<\/title>\n<meta name=\"robots\" content=\"index, follow, max-snippet:-1, max-image-preview:large, max-video-preview:-1\" \/>\n<link rel=\"canonical\" href=\"https:\/\/www.caesar.at\/en\/imprint\/\" \/>\n<meta property=\"og:locale\" content=\"en_US\" \/>\n<meta property=\"og:type\" content=\"article\" \/>\n<meta property=\"og:title\" content=\"Imprint - Restaurant Zum C\u00e4sar\" \/>\n<meta property=\"og:description\" content=\"Informationspflicht laut \u00a75 E-Commerce Gesetz, \u00a714 Unternehmensgesetzbuch, \u00a763 Gewerbeordnung und Offenlegungspflicht laut \u00a725 Mediengesetz. Demirci Gesmbh Schlossplatz 2, 5700 Zell am See, \u00d6sterreich Unternehmensgegenstand: Restaurant UID-Nummer: ATU41533505 Firmenbuchnummer: 106972 m Firmensitz: 5700 Zell am See Tel.: 06542\/47257 E-Mail: online@caesar.at Mitglied bei: Berufsrecht: Gewerbeordnung: www.ris.bka.gv.at Aufsichtsbeh\u00f6rde\/Gewerbebeh\u00f6rde: Bezirkshauptmannschaft Zell am See Verleihungsstaat: \u00d6sterreich Gesch\u00e4ftsf\u00fchrer Demirci Ingrid Beteiligungsverh\u00e4ltnisse&hellip;\" \/>\n<meta property=\"og:url\" content=\"https:\/\/www.caesar.at\/en\/imprint\/\" \/>\n<meta property=\"og:site_name\" content=\"Restaurant Zum C\u00e4sar\" \/>\n<meta property=\"article:modified_time\" content=\"2020-07-29T12:36:41+00:00\" \/>\n<meta property=\"og:image\" content=\"https:\/\/www.caesar.at\/wp-content\/uploads\/spittingllama-logo.png\" \/>\n<meta name=\"twitter:card\" content=\"summary_large_image\" \/>\n<meta name=\"twitter:label1\" content=\"Est. reading time\" \/>\n\t<meta name=\"twitter:data1\" content=\"2 minutes\" \/>\n<script type=\"application\/ld+json\" class=\"yoast-schema-graph\">{\"@context\":\"https:\/\/schema.org\",\"@graph\":[{\"@type\":\"WebPage\",\"@id\":\"https:\/\/www.caesar.at\/en\/imprint\/\",\"url\":\"https:\/\/www.caesar.at\/en\/imprint\/\",\"name\":\"Imprint - Restaurant Zum C\u00e4sar\",\"isPartOf\":{\"@id\":\"https:\/\/www.caesar.at\/en\/#website\"},\"primaryImageOfPage\":{\"@id\":\"https:\/\/www.caesar.at\/en\/imprint\/#primaryimage\"},\"image\":{\"@id\":\"https:\/\/www.caesar.at\/en\/imprint\/#primaryimage\"},\"thumbnailUrl\":\"https:\/\/www.caesar.at\/wp-content\/uploads\/spittingllama-logo.png\",\"datePublished\":\"2020-05-19T13:30:44+00:00\",\"dateModified\":\"2020-07-29T12:36:41+00:00\",\"breadcrumb\":{\"@id\":\"https:\/\/www.caesar.at\/en\/imprint\/#breadcrumb\"},\"inLanguage\":\"en-US\",\"potentialAction\":[{\"@type\":\"ReadAction\",\"target\":[\"https:\/\/www.caesar.at\/en\/imprint\/\"]}]},{\"@type\":\"ImageObject\",\"inLanguage\":\"en-US\",\"@id\":\"https:\/\/www.caesar.at\/en\/imprint\/#primaryimage\",\"url\":\"https:\/\/www.caesar.at\/wp-content\/uploads\/spittingllama-logo.png\",\"contentUrl\":\"https:\/\/www.caesar.at\/wp-content\/uploads\/spittingllama-logo.png\"},{\"@type\":\"BreadcrumbList\",\"@id\":\"https:\/\/www.caesar.at\/en\/imprint\/#breadcrumb\",\"itemListElement\":[{\"@type\":\"ListItem\",\"position\":1,\"name\":\"Startseite\",\"item\":\"https:\/\/www.caesar.at\/en\/\"},{\"@type\":\"ListItem\",\"position\":2,\"name\":\"Imprint\"}]},{\"@type\":\"WebSite\",\"@id\":\"https:\/\/www.caesar.at\/en\/#website\",\"url\":\"https:\/\/www.caesar.at\/en\/\",\"name\":\"Restaurant Zum C\u00e4sar\",\"description\":\"\",\"potentialAction\":[{\"@type\":\"SearchAction\",\"target\":{\"@type\":\"EntryPoint\",\"urlTemplate\":\"https:\/\/www.caesar.at\/en\/?s={search_term_string}\"},\"query-input\":{\"@type\":\"PropertyValueSpecification\",\"valueRequired\":true,\"valueName\":\"search_term_string\"}}],\"inLanguage\":\"en-US\"}]}<\/script>\n<!-- \/ Yoast SEO plugin. -->","yoast_head_json":{"title":"Imprint - Restaurant Zum C\u00e4sar","robots":{"index":"index","follow":"follow","max-snippet":"max-snippet:-1","max-image-preview":"max-image-preview:large","max-video-preview":"max-video-preview:-1"},"canonical":"https:\/\/www.caesar.at\/en\/imprint\/","og_locale":"en_US","og_type":"article","og_title":"Imprint - Restaurant Zum C\u00e4sar","og_description":"Informationspflicht laut \u00a75 E-Commerce Gesetz, \u00a714 Unternehmensgesetzbuch, \u00a763 Gewerbeordnung und Offenlegungspflicht laut \u00a725 Mediengesetz. Demirci Gesmbh Schlossplatz 2, 5700 Zell am See, \u00d6sterreich Unternehmensgegenstand: Restaurant UID-Nummer: ATU41533505 Firmenbuchnummer: 106972 m Firmensitz: 5700 Zell am See Tel.: 06542\/47257 E-Mail: online@caesar.at Mitglied bei: Berufsrecht: Gewerbeordnung: www.ris.bka.gv.at Aufsichtsbeh\u00f6rde\/Gewerbebeh\u00f6rde: Bezirkshauptmannschaft Zell am See Verleihungsstaat: \u00d6sterreich Gesch\u00e4ftsf\u00fchrer Demirci Ingrid Beteiligungsverh\u00e4ltnisse&hellip;","og_url":"https:\/\/www.caesar.at\/en\/imprint\/","og_site_name":"Restaurant Zum C\u00e4sar","article_modified_time":"2020-07-29T12:36:41+00:00","og_image":[{"url":"https:\/\/www.caesar.at\/wp-content\/uploads\/spittingllama-logo.png","type":"","width":"","height":""}],"twitter_card":"summary_large_image","twitter_misc":{"Est. reading time":"2 minutes"},"schema":{"@context":"https:\/\/schema.org","@graph":[{"@type":"WebPage","@id":"https:\/\/www.caesar.at\/en\/imprint\/","url":"https:\/\/www.caesar.at\/en\/imprint\/","name":"Imprint - Restaurant Zum C\u00e4sar","isPartOf":{"@id":"https:\/\/www.caesar.at\/en\/#website"},"primaryImageOfPage":{"@id":"https:\/\/www.caesar.at\/en\/imprint\/#primaryimage"},"image":{"@id":"https:\/\/www.caesar.at\/en\/imprint\/#primaryimage"},"thumbnailUrl":"https:\/\/www.caesar.at\/wp-content\/uploads\/spittingllama-logo.png","datePublished":"2020-05-19T13:30:44+00:00","dateModified":"2020-07-29T12:36:41+00:00","breadcrumb":{"@id":"https:\/\/www.caesar.at\/en\/imprint\/#breadcrumb"},"inLanguage":"en-US","potentialAction":[{"@type":"ReadAction","target":["https:\/\/www.caesar.at\/en\/imprint\/"]}]},{"@type":"ImageObject","inLanguage":"en-US","@id":"https:\/\/www.caesar.at\/en\/imprint\/#primaryimage","url":"https:\/\/www.caesar.at\/wp-content\/uploads\/spittingllama-logo.png","contentUrl":"https:\/\/www.caesar.at\/wp-content\/uploads\/spittingllama-logo.png"},{"@type":"BreadcrumbList","@id":"https:\/\/www.caesar.at\/en\/imprint\/#breadcrumb","itemListElement":[{"@type":"ListItem","position":1,"name":"Startseite","item":"https:\/\/www.caesar.at\/en\/"},{"@type":"ListItem","position":2,"name":"Imprint"}]},{"@type":"WebSite","@id":"https:\/\/www.caesar.at\/en\/#website","url":"https:\/\/www.caesar.at\/en\/","name":"Restaurant Zum C\u00e4sar","description":"","potentialAction":[{"@type":"SearchAction","target":{"@type":"EntryPoint","urlTemplate":"https:\/\/www.caesar.at\/en\/?s={search_term_string}"},"query-input":{"@type":"PropertyValueSpecification","valueRequired":true,"valueName":"search_term_string"}}],"inLanguage":"en-US"}]}},"_links":{"self":[{"href":"https:\/\/www.caesar.at\/en\/wp-json\/wp\/v2\/pages\/2034","targetHints":{"allow":["GET"]}}],"collection":[{"href":"https:\/\/www.caesar.at\/en\/wp-json\/wp\/v2\/pages"}],"about":[{"href":"https:\/\/www.caesar.at\/en\/wp-json\/wp\/v2\/types\/page"}],"author":[{"embeddable":true,"href":"https:\/\/www.caesar.at\/en\/wp-json\/wp\/v2\/users\/1"}],"replies":[{"embeddable":true,"href":"https:\/\/www.caesar.at\/en\/wp-json\/wp\/v2\/comments?post=2034"}],"version-history":[{"count":4,"href":"https:\/\/www.caesar.at\/en\/wp-json\/wp\/v2\/pages\/2034\/revisions"}],"predecessor-version":[{"id":2421,"href":"https:\/\/www.caesar.at\/en\/wp-json\/wp\/v2\/pages\/2034\/revisions\/2421"}],"wp:attachment":[{"href":"https:\/\/www.caesar.at\/en\/wp-json\/wp\/v2\/media?parent=2034"}],"curies":[{"name":"wp","href":"https:\/\/api.w.org\/{rel}","templated":true}]}}